{"id":332,"date":"2025-06-02T20:56:50","date_gmt":"2025-06-02T20:56:50","guid":{"rendered":"https:\/\/linkjetmaquinas.com.br\/?page_id=332"},"modified":"2025-06-13T18:29:39","modified_gmt":"2025-06-13T18:29:39","slug":"empresa","status":"publish","type":"page","link":"https:\/\/linkjetmaquinas.com.br\/index.php\/empresa\/","title":{"rendered":"Empresa"},"content":{"rendered":"\t\t<div data-elementor-type=\"wp-page\" data-elementor-id=\"332\" class=\"elementor elementor-332\">\n\t\t\t\t<div class=\"elementor-element elementor-element-46698df e-con-full e-flex e-con e-parent\" data-id=\"46698df\" data-element_type=\"container\" data-settings=\"{&quot;background_background&quot;:&quot;classic&quot;}\">\n\t\t\t\t<div class=\"elementor-element elementor-element-315149f animated-slow elementor-invisible elementor-widget elementor-widget-text-editor\" data-id=\"315149f\" data-element_type=\"widget\" data-settings=\"{&quot;_animation&quot;:&quot;fadeIn&quot;,&quot;_animation_delay&quot;:100}\" data-widget_type=\"text-editor.default\">\n\t\t\t\t<div class=\"elementor-widget-container\">\n\t\t\t\t\t\t\t\t\t<p>EMPRESA<\/p>\t\t\t\t\t\t\t\t<\/div>\n\t\t\t\t<\/div>\n\t\t\t\t<div class=\"elementor-element elementor-element-a00d77d elementor-hidden-tablet elementor-hidden-mobile animated-slow elementor-invisible elementor-widget elementor-widget-text-editor\" data-id=\"a00d77d\" data-element_type=\"widget\" data-settings=\"{&quot;_animation&quot;:&quot;fadeIn&quot;,&quot;_animation_delay&quot;:100}\" data-widget_type=\"text-editor.default\">\n\t\t\t\t<div class=\"elementor-widget-container\">\n\t\t\t\t\t\t\t\t\t<p><span style=\"color: #e3051e;\">FUNDADA<\/span> em <strong>2004<\/strong>, j\u00e1 iniciando suas atividades com colaboradores e profissionais com uma experi\u00eancia<br \/>de mais de trinta anos na fabrica\u00e7\u00e3o, manuten\u00e7\u00e3o de equipamentos e perfuratrizes para funda\u00e7\u00f5es e Geotecnia.<\/p>\t\t\t\t\t\t\t\t<\/div>\n\t\t\t\t<\/div>\n\t\t\t\t<div class=\"elementor-element elementor-element-882be6d elementor-hidden-desktop animated-slow elementor-invisible elementor-widget elementor-widget-text-editor\" data-id=\"882be6d\" data-element_type=\"widget\" data-settings=\"{&quot;_animation&quot;:&quot;fadeIn&quot;,&quot;_animation_delay&quot;:100}\" data-widget_type=\"text-editor.default\">\n\t\t\t\t<div class=\"elementor-widget-container\">\n\t\t\t\t\t\t\t\t\t<p><span style=\"color: #e3051e;\">FUNDADA<\/span> em <strong>2004<\/strong>, j\u00e1 iniciando suas atividades com colaboradores e profissionais com uma experi\u00eancia de mais de trinta anos na fabrica\u00e7\u00e3o, manuten\u00e7\u00e3o de equipamentos e perfuratrizes para funda\u00e7\u00f5es e Geotecnia.<\/p>\t\t\t\t\t\t\t\t<\/div>\n\t\t\t\t<\/div>\n\t\t\t\t<\/div>\n\t\t<div class=\"elementor-element elementor-element-9498056 e-con-full e-flex e-con e-parent\" data-id=\"9498056\" data-element_type=\"container\">\n\t\t<div class=\"elementor-element elementor-element-e77dad2 e-con-full e-flex elementor-invisible e-con e-child\" data-id=\"e77dad2\" data-element_type=\"container\" data-settings=\"{&quot;animation&quot;:&quot;slideInUp&quot;}\">\n\t\t\t\t<div class=\"elementor-element elementor-element-967c3bc elementor-widget elementor-widget-spacer\" data-id=\"967c3bc\" data-element_type=\"widget\" data-widget_type=\"spacer.default\">\n\t\t\t\t<div class=\"elementor-widget-container\">\n\t\t\t\t\t\t\t<div class=\"elementor-spacer\">\n\t\t\t<div class=\"elementor-spacer-inner\"><\/div>\n\t\t<\/div>\n\t\t\t\t\t\t<\/div>\n\t\t\t\t<\/div>\n\t\t\t\t<\/div>\n\t\t<div class=\"elementor-element elementor-element-f6b2190 e-con-full e-flex elementor-invisible e-con e-child\" data-id=\"f6b2190\" data-element_type=\"container\" data-settings=\"{&quot;animation&quot;:&quot;slideInRight&quot;}\">\n\t\t\t\t<\/div>\n\t\t\t\t<\/div>\n\t\t<div class=\"elementor-element elementor-element-191d1c7 e-con-full e-flex e-con e-parent\" data-id=\"191d1c7\" data-element_type=\"container\">\n\t\t<div class=\"elementor-element elementor-element-1f68f47 e-con-full e-flex e-con e-child\" data-id=\"1f68f47\" data-element_type=\"container\">\n\t\t\t\t<div class=\"elementor-element elementor-element-cfb7719 elementor-widget elementor-widget-image\" data-id=\"cfb7719\" data-element_type=\"widget\" data-widget_type=\"image.default\">\n\t\t\t\t<div class=\"elementor-widget-container\">\n\t\t\t\t\t\t\t\t\t\t\t\t\t\t\t<img fetchpriority=\"high\" decoding=\"async\" width=\"669\" height=\"385\" src=\"https:\/\/linkjetmaquinas.com.br\/wp-content\/uploads\/2025\/06\/missao.png\" class=\"attachment-large size-large wp-image-542\" alt=\"\" srcset=\"https:\/\/linkjetmaquinas.com.br\/wp-content\/uploads\/2025\/06\/missao.png 669w, https:\/\/linkjetmaquinas.com.br\/wp-content\/uploads\/2025\/06\/missao-300x173.png 300w\" sizes=\"(max-width: 669px) 100vw, 669px\" \/>\t\t\t\t\t\t\t\t\t\t\t\t\t\t\t<\/div>\n\t\t\t\t<\/div>\n\t\t\t\t<\/div>\n\t\t<div class=\"elementor-element elementor-element-457c168 e-con-full e-flex e-con e-child\" data-id=\"457c168\" data-element_type=\"container\">\n\t\t\t\t<div class=\"elementor-element elementor-element-f603f1d elementor-widget elementor-widget-text-editor\" data-id=\"f603f1d\" data-element_type=\"widget\" data-widget_type=\"text-editor.default\">\n\t\t\t\t<div class=\"elementor-widget-container\">\n\t\t\t\t\t\t\t\t\t<p>A<span style=\"color: #e3051e;\">\u00a0LINK JET<\/span><\/p>\t\t\t\t\t\t\t\t<\/div>\n\t\t\t\t<\/div>\n\t\t\t\t<div class=\"elementor-element elementor-element-c08c9b8 elementor-widget elementor-widget-text-editor\" data-id=\"c08c9b8\" data-element_type=\"widget\" data-widget_type=\"text-editor.default\">\n\t\t\t\t<div class=\"elementor-widget-container\">\n\t\t\t\t\t\t\t\t\t<p>Visa parceiras com empresas do mercado brasileiro<\/p>\t\t\t\t\t\t\t\t<\/div>\n\t\t\t\t<\/div>\n\t\t\t\t<div class=\"elementor-element elementor-element-d846956 elementor-widget elementor-widget-text-editor\" data-id=\"d846956\" data-element_type=\"widget\" data-widget_type=\"text-editor.default\">\n\t\t\t\t<div class=\"elementor-widget-container\">\n\t\t\t\t\t\t\t\t\t<p>para o desenvolvimento no campo da engenharia de funda\u00e7\u00f5es de solo, oferecendo equipamentos de primeira qualidade com o objetivo de fornecer equipamentos ideais para agilizar as tarefas realizadas pelos oper\u00e1rios da constru\u00e7\u00e3o civil.<\/p><p>Al\u00e9m do escrit\u00f3rio para atendimento de seus clientes e fornecedores a LINK JET possui sede pr\u00f3pria de 11.000 m2 de \u00e1rea, constitu\u00eddo por setor fabril de usinagem, caldeiraria, pintura e montagem. Uma constru\u00e7\u00e3o erguida idealizada para possibilitar de forma perfeita tanto a execu\u00e7\u00e3o da fabrica\u00e7\u00e3o, manuten\u00e7\u00e3o preventiva e corretiva, quanto os devidos testes de resist\u00eancia das m\u00e1quinas e equipamentos.<\/p>\t\t\t\t\t\t\t\t<\/div>\n\t\t\t\t<\/div>\n\t\t\t\t<\/div>\n\t\t\t\t<\/div>\n\t\t<div class=\"elementor-element elementor-element-c01c842 e-con-full e-flex e-con e-parent\" data-id=\"c01c842\" data-element_type=\"container\">\n\t\t<div class=\"elementor-element elementor-element-a147120 e-con-full e-flex e-con e-child\" data-id=\"a147120\" data-element_type=\"container\">\n\t\t\t\t<div class=\"elementor-element elementor-element-1466556 elementor-widget elementor-widget-text-editor\" data-id=\"1466556\" data-element_type=\"widget\" data-widget_type=\"text-editor.default\">\n\t\t\t\t<div class=\"elementor-widget-container\">\n\t\t\t\t\t\t\t\t\t<p>Miss\u00e3o<\/p>\t\t\t\t\t\t\t\t<\/div>\n\t\t\t\t<\/div>\n\t\t\t\t<div class=\"elementor-element elementor-element-ac7fba0 elementor-hidden-mobile elementor-widget elementor-widget-text-editor\" data-id=\"ac7fba0\" data-element_type=\"widget\" data-widget_type=\"text-editor.default\">\n\t\t\t\t<div class=\"elementor-widget-container\">\n\t\t\t\t\t\t\t\t\t<p>Nosso principal compromisso \u00e9 a satisfa\u00e7\u00e3o<br \/>total de nossos clientes.<\/p>\t\t\t\t\t\t\t\t<\/div>\n\t\t\t\t<\/div>\n\t\t\t\t<div class=\"elementor-element elementor-element-536269c elementor-hidden-desktop elementor-hidden-tablet elementor-widget elementor-widget-text-editor\" data-id=\"536269c\" data-element_type=\"widget\" data-widget_type=\"text-editor.default\">\n\t\t\t\t<div class=\"elementor-widget-container\">\n\t\t\t\t\t\t\t\t\t<p>Nosso principal compromisso \u00e9 a satisfa\u00e7\u00e3o total de nossos clientes.<\/p>\t\t\t\t\t\t\t\t<\/div>\n\t\t\t\t<\/div>\n\t\t\t\t<div class=\"elementor-element elementor-element-6677bb1 elementor-hidden-mobile elementor-widget-divider--view-line elementor-invisible elementor-widget elementor-widget-divider\" data-id=\"6677bb1\" data-element_type=\"widget\" data-settings=\"{&quot;_animation&quot;:&quot;slideInLeft&quot;}\" data-widget_type=\"divider.default\">\n\t\t\t\t<div class=\"elementor-widget-container\">\n\t\t\t\t\t\t\t<div class=\"elementor-divider\">\n\t\t\t<span class=\"elementor-divider-separator\">\n\t\t\t\t\t\t<\/span>\n\t\t<\/div>\n\t\t\t\t\t\t<\/div>\n\t\t\t\t<\/div>\n\t\t\t\t<div class=\"elementor-element elementor-element-fc76ee8 elementor-widget elementor-widget-image\" data-id=\"fc76ee8\" data-element_type=\"widget\" data-widget_type=\"image.default\">\n\t\t\t\t<div class=\"elementor-widget-container\">\n\t\t\t\t\t\t\t\t\t\t\t\t\t\t\t<img decoding=\"async\" width=\"667\" height=\"283\" src=\"https:\/\/linkjetmaquinas.com.br\/wp-content\/uploads\/2025\/06\/valores.png\" class=\"attachment-large size-large wp-image-541\" alt=\"\" srcset=\"https:\/\/linkjetmaquinas.com.br\/wp-content\/uploads\/2025\/06\/valores.png 667w, https:\/\/linkjetmaquinas.com.br\/wp-content\/uploads\/2025\/06\/valores-300x127.png 300w\" sizes=\"(max-width: 667px) 100vw, 667px\" \/>\t\t\t\t\t\t\t\t\t\t\t\t\t\t\t<\/div>\n\t\t\t\t<\/div>\n\t\t\t\t<div class=\"elementor-element elementor-element-efffc39 elementor-widget elementor-widget-text-editor\" data-id=\"efffc39\" data-element_type=\"widget\" data-widget_type=\"text-editor.default\">\n\t\t\t\t<div class=\"elementor-widget-container\">\n\t\t\t\t\t\t\t\t\t<p>Valores<\/p>\t\t\t\t\t\t\t\t<\/div>\n\t\t\t\t<\/div>\n\t\t\t\t<div class=\"elementor-element elementor-element-a1b3679 elementor-widget elementor-widget-text-editor\" data-id=\"a1b3679\" data-element_type=\"widget\" data-widget_type=\"text-editor.default\">\n\t\t\t\t<div class=\"elementor-widget-container\">\n\t\t\t\t\t\t\t\t\t<p>\u00c9tica, Compet\u00eancia, Comprometimento, Transpar\u00eancia, Efetividade.<\/p>\t\t\t\t\t\t\t\t<\/div>\n\t\t\t\t<\/div>\n\t\t\t\t<\/div>\n\t\t<div class=\"elementor-element elementor-element-63e6fdf e-con-full e-flex e-con e-child\" data-id=\"63e6fdf\" data-element_type=\"container\">\n\t\t\t\t<div class=\"elementor-element elementor-element-3d1554b elementor-widget elementor-widget-image\" data-id=\"3d1554b\" data-element_type=\"widget\" data-widget_type=\"image.default\">\n\t\t\t\t<div class=\"elementor-widget-container\">\n\t\t\t\t\t\t\t\t\t\t\t\t\t\t\t<img decoding=\"async\" width=\"664\" height=\"266\" src=\"https:\/\/linkjetmaquinas.com.br\/wp-content\/uploads\/2025\/06\/visao.png\" class=\"attachment-large size-large wp-image-543\" alt=\"\" srcset=\"https:\/\/linkjetmaquinas.com.br\/wp-content\/uploads\/2025\/06\/visao.png 664w, https:\/\/linkjetmaquinas.com.br\/wp-content\/uploads\/2025\/06\/visao-300x120.png 300w\" sizes=\"(max-width: 664px) 100vw, 664px\" \/>\t\t\t\t\t\t\t\t\t\t\t\t\t\t\t<\/div>\n\t\t\t\t<\/div>\n\t\t\t\t<div class=\"elementor-element elementor-element-c67770b elementor-widget elementor-widget-text-editor\" data-id=\"c67770b\" data-element_type=\"widget\" data-widget_type=\"text-editor.default\">\n\t\t\t\t<div class=\"elementor-widget-container\">\n\t\t\t\t\t\t\t\t\t<p>Vis\u00e3o<\/p>\t\t\t\t\t\t\t\t<\/div>\n\t\t\t\t<\/div>\n\t\t\t\t<div class=\"elementor-element elementor-element-443ada0 elementor-hidden-tablet elementor-hidden-mobile elementor-widget elementor-widget-text-editor\" data-id=\"443ada0\" data-element_type=\"widget\" data-widget_type=\"text-editor.default\">\n\t\t\t\t<div class=\"elementor-widget-container\">\n\t\t\t\t\t\t\t\t\t<p>Ser uma empresa de refer\u00eancia no ramo em que<br \/>atua, buscando sempre o crescimento e a inova\u00e7\u00e3o.<\/p>\t\t\t\t\t\t\t\t<\/div>\n\t\t\t\t<\/div>\n\t\t\t\t<div class=\"elementor-element elementor-element-eed8c5e elementor-hidden-desktop elementor-widget elementor-widget-text-editor\" data-id=\"eed8c5e\" data-element_type=\"widget\" data-widget_type=\"text-editor.default\">\n\t\t\t\t<div class=\"elementor-widget-container\">\n\t\t\t\t\t\t\t\t\t<p>Ser uma empresa de refer\u00eancia no ramo em que atua, buscando sempre o crescimento e a inova\u00e7\u00e3o.<\/p>\t\t\t\t\t\t\t\t<\/div>\n\t\t\t\t<\/div>\n\t\t\t\t<\/div>\n\t\t\t\t<\/div>\n\t\t<div class=\"elementor-element elementor-element-eecd79b e-con-full e-flex e-con e-parent\" data-id=\"eecd79b\" data-element_type=\"container\">\n\t\t<div class=\"elementor-element elementor-element-471e158 e-con-full e-flex elementor-invisible e-con e-child\" data-id=\"471e158\" data-element_type=\"container\" data-settings=\"{&quot;animation&quot;:&quot;slideInRight&quot;}\">\n\t\t\t\t<\/div>\n\t\t<div class=\"elementor-element elementor-element-613f900 e-con-full e-flex elementor-invisible e-con e-child\" data-id=\"613f900\" data-element_type=\"container\" data-settings=\"{&quot;animation&quot;:&quot;slideInUp&quot;}\">\n\t\t\t\t<div class=\"elementor-element elementor-element-e4362cd elementor-widget elementor-widget-spacer\" data-id=\"e4362cd\" data-element_type=\"widget\" data-widget_type=\"spacer.default\">\n\t\t\t\t<div class=\"elementor-widget-container\">\n\t\t\t\t\t\t\t<div class=\"elementor-spacer\">\n\t\t\t<div class=\"elementor-spacer-inner\"><\/div>\n\t\t<\/div>\n\t\t\t\t\t\t<\/div>\n\t\t\t\t<\/div>\n\t\t\t\t<\/div>\n\t\t\t\t<\/div>\n\t\t\t\t<\/div>\n\t\t","protected":false},"excerpt":{"rendered":"<p>EMPRESA FUNDADA em 2004, j\u00e1 iniciando suas atividades com colaboradores e profissionais com uma experi\u00eanciade mais de trinta anos na fabrica\u00e7\u00e3o, manuten\u00e7\u00e3o de equipamentos e perfuratrizes para funda\u00e7\u00f5es e Geotecnia. FUNDADA em 2004, j\u00e1 iniciando suas atividades com colaboradores e profissionais com uma experi\u00eancia de mais de trinta anos na fabrica\u00e7\u00e3o, manuten\u00e7\u00e3o de equipamentos e [&hellip;]<\/p>\n","protected":false},"author":1,"featured_media":0,"parent":0,"menu_order":0,"comment_status":"closed","ping_status":"closed","template":"elementor_canvas","meta":{"footnotes":""},"class_list":["post-332","page","type-page","status-publish","hentry"],"_links":{"self":[{"href":"https:\/\/linkjetmaquinas.com.br\/index.php\/wp-json\/wp\/v2\/pages\/332","targetHints":{"allow":["GET"]}}],"collection":[{"href":"https:\/\/linkjetmaquinas.com.br\/index.php\/wp-json\/wp\/v2\/pages"}],"about":[{"href":"https:\/\/linkjetmaquinas.com.br\/index.php\/wp-json\/wp\/v2\/types\/page"}],"author":[{"embeddable":true,"href":"https:\/\/linkjetmaquinas.com.br\/index.php\/wp-json\/wp\/v2\/users\/1"}],"replies":[{"embeddable":true,"href":"https:\/\/linkjetmaquinas.com.br\/index.php\/wp-json\/wp\/v2\/comments?post=332"}],"version-history":[{"count":28,"href":"https:\/\/linkjetmaquinas.com.br\/index.php\/wp-json\/wp\/v2\/pages\/332\/revisions"}],"predecessor-version":[{"id":547,"href":"https:\/\/linkjetmaquinas.com.br\/index.php\/wp-json\/wp\/v2\/pages\/332\/revisions\/547"}],"wp:attachment":[{"href":"https:\/\/linkjetmaquinas.com.br\/index.php\/wp-json\/wp\/v2\/media?parent=332"}],"curies":[{"name":"wp","href":"https:\/\/api.w.org\/{rel}","templated":true}]}}